{"id":22,"date":"2016-02-26T10:00:57","date_gmt":"2016-02-26T10:00:57","guid":{"rendered":"http:\/\/schluesselnotdienst-uhldingen.de\/?page_id=22"},"modified":"2023-12-31T12:30:55","modified_gmt":"2023-12-31T12:30:55","slug":"startseite","status":"publish","type":"page","link":"https:\/\/schluesselnotdienst-uhldingen.de\/","title":{"rendered":"Schl\u00fcsselnotdienst Beier 07556-932010  Mobil 01732892055"},"content":{"rendered":"<h4>Schl\u00fcsselnotdienst\u00a0 Detlef Beier 88690 Uhldingen-M\u00fchlhofen Reishaldenweg 30<\/h4>\n<p>Als selbstst\u00e4ndiger Schreinermeister werden von mir im Rahmen eines professionellen Schl\u00fcsselnotdienstes T\u00fcren professionell und zerst\u00f6rungsfrei ge\u00f6ffnet.<\/p>\n<p>Bei selbstverriegelnden und Mehrpunktverriegelungs-Schl\u00f6ssern mit Panikfunktion kann ich keine\u00a0 Garantie auf\u00a0 zerst\u00f6rungsfreies \u00f6ffnen geben.<\/p>\n<p>Bei Interesse biete ich Beratungen und Ausf\u00fchrung von Arbeiten im Zusammenhang von Sicherheitsbeschl\u00e4gen an T\u00fcren und Fenstern an.<\/p>\n<p>Ausschlie\u00dfliche Verarbeitung von T\u00fcr- und Fenstersicherungen sowie Schutzbeschl\u00e4gen<\/p>\n<p>Meine Dienstleistungen als Schl\u00fcsselnotdienst biete ich in einem Umkreis von ca 25km zu einem Festpreis an.<\/p>\n<p><iframe loading=\"lazy\" style=\"border: 0;\" src=\"https:\/\/www.google.com\/maps\/embed?pb=!1m18!1m12!1m3!1d2683.683461506321!2d9.240954177490796!3d47.72939237948862!2m3!1f0!2f0!3f0!3m2!1i1024!2i768!4f13.1!3m3!1m2!1s0x479a58204398cec5%3A0x4ffca6f4640f3dc6!2sReishaldenweg%2030%2C%2088690%20Uhldingen-M%C3%BChlhofen!5e0!3m2!1sde!2sde!4v1704025504363!5m2!1sde!2sde\" width=\"600\" height=\"450\" allowfullscreen=\"allowfullscreen\"><\/iframe><\/p>\n","protected":false},"excerpt":{"rendered":"<p>Schl\u00fcsselnotdienst\u00a0 Detlef Beier 88690 Uhldingen-M\u00fchlhofen Reishaldenweg 30 Als selbstst\u00e4ndiger Schreinermeister werden von mir im Rahmen eines professionellen Schl\u00fcsselnotdienstes T\u00fcren professionell und zerst\u00f6rungsfrei ge\u00f6ffnet. Bei selbstverriegelnden und Mehrpunktverriegelungs-Schl\u00f6ssern mit Panikfunktion kann ich keine\u00a0 Garantie auf\u00a0 zerst\u00f6rungsfreies \u00f6ffnen geben. Bei Interesse biete &hellip;<\/p>\n<p class=\"read-more\"> <a class=\"more-link\" href=\"https:\/\/schluesselnotdienst-uhldingen.de\/\"> <span class=\"screen-reader-text\">Schl\u00fcsselnotdienst Beier 07556-932010  Mobil 01732892055<\/span> Read More &raquo;<\/a><\/p>\n","protected":false},"author":1,"featured_media":0,"parent":0,"menu_order":0,"comment_status":"closed","ping_status":"closed","template":"","meta":{"footnotes":""},"_links":{"self":[{"href":"https:\/\/schluesselnotdienst-uhldingen.de\/index.php?rest_route=\/wp\/v2\/pages\/22"}],"collection":[{"href":"https:\/\/schluesselnotdienst-uhldingen.de\/index.php?rest_route=\/wp\/v2\/pages"}],"about":[{"href":"https:\/\/schluesselnotdienst-uhldingen.de\/index.php?rest_route=\/wp\/v2\/types\/page"}],"author":[{"embeddable":true,"href":"https:\/\/schluesselnotdienst-uhldingen.de\/index.php?rest_route=\/wp\/v2\/users\/1"}],"replies":[{"embeddable":true,"href":"https:\/\/schluesselnotdienst-uhldingen.de\/index.php?rest_route=%2Fwp%2Fv2%2Fcomments&post=22"}],"version-history":[{"count":33,"href":"https:\/\/schluesselnotdienst-uhldingen.de\/index.php?rest_route=\/wp\/v2\/pages\/22\/revisions"}],"predecessor-version":[{"id":155,"href":"https:\/\/schluesselnotdienst-uhldingen.de\/index.php?rest_route=\/wp\/v2\/pages\/22\/revisions\/155"}],"wp:attachment":[{"href":"https:\/\/schluesselnotdienst-uhldingen.de\/index.php?rest_route=%2Fwp%2Fv2%2Fmedia&parent=22"}],"curies":[{"name":"wp","href":"https:\/\/api.w.org\/{rel}","templated":true}]}}